{"id":1708,"date":"2022-11-29T11:51:10","date_gmt":"2022-11-29T11:51:10","guid":{"rendered":"https:\/\/www.acexas.com\/?page_id=1708"},"modified":"2022-12-07T10:05:20","modified_gmt":"2022-12-07T10:05:20","slug":"legal-advice","status":"publish","type":"page","link":"https:\/\/www.acexas.com\/en\/legal-advice\/","title":{"rendered":"Legal advice"},"content":{"rendered":"\t\t<div data-elementor-type=\"wp-page\" data-elementor-id=\"1708\" class=\"elementor elementor-1708 elementor-1313\">\n\t\t\t\t\t\t<section class=\"elementor-section elementor-top-section elementor-element elementor-element-2b946cc elementor-section-boxed elementor-section-height-default elementor-section-height-default parallax_section_no qode_elementor_container_no\" data-id=\"2b946cc\" data-element_type=\"section\">\n\t\t\t\t\t\t<div class=\"elementor-container elementor-column-gap-default\">\n\t\t\t\t\t<div class=\"elementor-column elementor-col-100 elementor-top-column elementor-element elementor-element-00a8339\" data-id=\"00a8339\" data-element_type=\"column\">\n\t\t\t<div class=\"elementor-widget-wrap elementor-element-populated\">\n\t\t\t\t\t\t<div class=\"elementor-element elementor-element-53b9233 elementor-widget elementor-widget-text-editor\" data-id=\"53b9233\" data-element_type=\"widget\" data-widget_type=\"text-editor.default\">\n\t\t\t\t<div class=\"elementor-widget-container\">\n\t\t\t\t\t\t\t\t\t<h2>AVISO LEGAL<\/h2><p>En cumplimiento de lo dispuesto en el art\u00edculo 10 de la Ley 34\/2002, de 11 de julio, de Servicios de la Sociedad de la Informaci\u00f3n y de Comercio Electr\u00f3nico, se hace constar que estas p\u00e1ginas corresponden a EXIOM SOLUTION TOTAL S.L. con CIF <span class=\"st\">B74316761<\/span> y domicilio social \u201cC\/ San Francisco, 5, 5. 33003 Oviedo, Asturias\u201d.<\/p><ul><li>Denominaci\u00f3n Social: EXIOM SOLUTION TOTAL S.L.<\/li><li>CIF: B74316761<\/li><li>Direcci\u00f3n: C\/ San Francisco, 5, 5. 33003 Oviedo, Asturias<\/li><li>Tel\u00e9fono: 984 03 37 09<\/li><li>E-mail: <a href=\"mailto:info@exiomgroup.com\" target=\"_blank\" rel=\"noopener noreferrer\">info@exiomgroup.com<\/a><\/li><\/ul>\t\t\t\t\t\t\t\t<\/div>\n\t\t\t\t<\/div>\n\t\t\t\t<div class=\"elementor-element elementor-element-8bc32bf elementor-widget-divider--view-line elementor-widget elementor-widget-divider\" data-id=\"8bc32bf\" data-element_type=\"widget\" data-widget_type=\"divider.default\">\n\t\t\t\t<div class=\"elementor-widget-container\">\n\t\t\t\t\t\t\t<div class=\"elementor-divider\">\n\t\t\t<span class=\"elementor-divider-separator\">\n\t\t\t\t\t\t<\/span>\n\t\t<\/div>\n\t\t\t\t\t\t<\/div>\n\t\t\t\t<\/div>\n\t\t\t\t<div class=\"elementor-element elementor-element-b5033ca elementor-widget elementor-widget-text-editor\" data-id=\"b5033ca\" data-element_type=\"widget\" data-widget_type=\"text-editor.default\">\n\t\t\t\t<div class=\"elementor-widget-container\">\n\t\t\t\t\t\t\t\t\t<h2>Pol\u00edtica de privacidad y protecci\u00f3n de datos<\/h2><p>De conformidad con lo establecido en la Ley Org\u00e1nica 15\/1999, de 13 de diciembre, sobre Protecci\u00f3n de Datos de Car\u00e1cter Personal, le informamos de que todos los datos facilitados ser\u00e1n incorporados a un fichero cuya titularidad corresponde a EXIOM SOLUTION TOTAL S.L.<\/p><p>Podr\u00e1 ejercer su derecho de acceso, rectificaci\u00f3n, cancelaci\u00f3n y oposici\u00f3n al tratamiento de sus datos personales, en los t\u00e9rminos y condiciones previstos en la normativa vigente, mediante comunicaci\u00f3n remitida a la siguiente direcci\u00f3n de correo electr\u00f3nico: <a href=\"mailto:info@exiomgroup.com\" target=\"_blank\" rel=\"noopener noreferrer\">info@exiomgroup.com<\/a>; o por correo postal a la siguiente direcci\u00f3n: \u201cC\/ San Francisco, 5, 5. 33003 Oviedo, Asturias\u201d.<\/p><p>Los formularios de Contacto y de registro de usuario de la p\u00e1gina web s\u00f3lo se utilizan para el fin solicitado y s\u00f3lo se env\u00edan informaciones relacionadas con la actividad o con la finalidad para la que fue recabado el correo electr\u00f3nico.<\/p>\t\t\t\t\t\t\t\t<\/div>\n\t\t\t\t<\/div>\n\t\t\t\t\t<\/div>\n\t\t<\/div>\n\t\t\t\t\t<\/div>\n\t\t<\/section>\n\t\t\t\t<\/div>\n\t\t","protected":false},"excerpt":{"rendered":"","protected":false},"author":1,"featured_media":1646,"parent":0,"menu_order":0,"comment_status":"closed","ping_status":"closed","template":"","meta":{"footnotes":""},"class_list":["post-1708","page","type-page","status-publish","has-post-thumbnail","hentry"],"_links":{"self":[{"href":"https:\/\/www.acexas.com\/en\/wp-json\/wp\/v2\/pages\/1708","targetHints":{"allow":["GET"]}}],"collection":[{"href":"https:\/\/www.acexas.com\/en\/wp-json\/wp\/v2\/pages"}],"about":[{"href":"https:\/\/www.acexas.com\/en\/wp-json\/wp\/v2\/types\/page"}],"author":[{"embeddable":true,"href":"https:\/\/www.acexas.com\/en\/wp-json\/wp\/v2\/users\/1"}],"replies":[{"embeddable":true,"href":"https:\/\/www.acexas.com\/en\/wp-json\/wp\/v2\/comments?post=1708"}],"version-history":[{"count":0,"href":"https:\/\/www.acexas.com\/en\/wp-json\/wp\/v2\/pages\/1708\/revisions"}],"wp:featuredmedia":[{"embeddable":true,"href":"https:\/\/www.acexas.com\/en\/wp-json\/wp\/v2\/media\/1646"}],"wp:attachment":[{"href":"https:\/\/www.acexas.com\/en\/wp-json\/wp\/v2\/media?parent=1708"}],"curies":[{"name":"wp","href":"https:\/\/api.w.org\/{rel}","templated":true}]}}