{"id":1738,"date":"2022-12-01T12:32:52","date_gmt":"2022-12-01T12:32:52","guid":{"rendered":"https:\/\/www.acexas.com\/projects\/"},"modified":"2022-12-07T10:29:49","modified_gmt":"2022-12-07T10:29:49","slug":"projects","status":"publish","type":"page","link":"https:\/\/www.acexas.com\/en\/projects\/","title":{"rendered":"Projects"},"content":{"rendered":"\t\t<div data-elementor-type=\"wp-page\" data-elementor-id=\"1738\" class=\"elementor elementor-1738 elementor-1467\">\n\t\t\t\t\t\t<section class=\"elementor-section elementor-top-section elementor-element elementor-element-5fbd04e elementor-section-full_width elementor-section-stretched elementor-section-height-default elementor-section-height-default parallax_section_no qode_elementor_container_no\" data-id=\"5fbd04e\" data-element_type=\"section\" data-settings=\"{&quot;stretch_section&quot;:&quot;section-stretched&quot;}\">\n\t\t\t\t\t\t<div class=\"elementor-container elementor-column-gap-default\">\n\t\t\t\t\t<div class=\"elementor-column elementor-col-100 elementor-top-column elementor-element elementor-element-be42ba0\" data-id=\"be42ba0\" data-element_type=\"column\">\n\t\t\t<div class=\"elementor-widget-wrap elementor-element-populated\">\n\t\t\t\t\t\t<div class=\"elementor-element elementor-element-1ca4a3d elementor-widget elementor-widget-bridge_portfolio_list\" data-id=\"1ca4a3d\" data-element_type=\"widget\" data-widget_type=\"bridge_portfolio_list.default\">\n\t\t\t\t<div class=\"elementor-widget-container\">\n\t\t\t\t\t<div class=\"projects_masonry_wrapper  \">\n    \n    <div class=\"projects_masonry_holder portfolio_main_holder portfolio_masonry_gallery_with_space gs4 \">\n\n            <div class=\"qode-portfolio-masonry-gallery-grid-sizer\"><\/div>\n            <div class=\"qode-portfolio-masonry-gallery-grid-gutter\"><\/div>\n\n            <article class='portfolio_masonry_item portfolio_category_34 default'>\n    \n    \n    \n    <div class='image_holder'>\n        <a itemprop='url' class='portfolio_link_for_touch' href='https:\/\/www.acexas.com\/en\/obras\/fribersa-ponferrada-le-espana\/' target='_self'>\n            \n<span class='image'><img fetchpriority=\"high\" decoding=\"async\" width=\"500\" height=\"500\" src=\"https:\/\/www.acexas.com\/wp-content\/uploads\/2023\/05\/04-500x500.jpg\" class=\"attachment-portfolio_masonry_regular size-portfolio_masonry_regular wp-post-image\" alt=\"\" srcset=\"https:\/\/www.acexas.com\/wp-content\/uploads\/2023\/05\/04-500x500.jpg 500w, https:\/\/www.acexas.com\/wp-content\/uploads\/2023\/05\/04-150x150.jpg 150w, https:\/\/www.acexas.com\/wp-content\/uploads\/2023\/05\/04-570x570.jpg 570w, https:\/\/www.acexas.com\/wp-content\/uploads\/2023\/05\/04-1000x1000.jpg 1000w, https:\/\/www.acexas.com\/wp-content\/uploads\/2023\/05\/04-650x650.jpg 650w\" sizes=\"(max-width: 500px) 100vw, 500px\" \/><\/span>        <\/a>\n\n        <span class='text_holder'>\n    <span class='text_outer'>\n        <span class='text_inner'>\n            <div class=\"hover_feature_holder_title\">\n                <div class=\"hover_feature_holder_title_inner\">\n                    \n                        \n    <h5 itemprop=\"name\" class=\"portfolio_title entry_title\"><a itemprop=\"url\" href=\"https:\/\/www.acexas.com\/en\/obras\/fribersa-ponferrada-le-espana\/\"  target=\"_self\"> Fribersa. Ponferrada (Le) &#8211; Espa\u00f1a<\/a><\/h5>\n\n\n                        \n                            <span class=\"project_category\"  >\n    BPB1A    <\/span>\n\n                                    <\/div>\n            <\/div>\n\n            \n        <\/span>\n    <\/span>\n<\/span>\n\n    <\/article><article class='portfolio_masonry_item portfolio_category_35 default'>\n    \n    \n    \n    <div class='image_holder'>\n        <a itemprop='url' class='portfolio_link_for_touch' href='https:\/\/www.acexas.com\/en\/obras\/restaurant-pena-mea-as-espana\/' target='_self'>\n            \n<span class='image'><img decoding=\"async\" width=\"500\" height=\"500\" src=\"https:\/\/www.acexas.com\/wp-content\/uploads\/2022\/12\/o1_pena_mea_carport-500x500.jpg\" class=\"attachment-portfolio_masonry_regular size-portfolio_masonry_regular wp-post-image\" alt=\"\" srcset=\"https:\/\/www.acexas.com\/wp-content\/uploads\/2022\/12\/o1_pena_mea_carport-500x500.jpg 500w, https:\/\/www.acexas.com\/wp-content\/uploads\/2022\/12\/o1_pena_mea_carport-150x150.jpg 150w, https:\/\/www.acexas.com\/wp-content\/uploads\/2022\/12\/o1_pena_mea_carport-570x570.jpg 570w, https:\/\/www.acexas.com\/wp-content\/uploads\/2022\/12\/o1_pena_mea_carport-1000x1000.jpg 1000w, https:\/\/www.acexas.com\/wp-content\/uploads\/2022\/12\/o1_pena_mea_carport-650x650.jpg 650w, https:\/\/www.acexas.com\/wp-content\/uploads\/2022\/12\/o1_pena_mea_carport-1300x1300.jpg 1300w\" sizes=\"(max-width: 500px) 100vw, 500px\" \/><\/span>        <\/a>\n\n        <span class='text_holder'>\n    <span class='text_outer'>\n        <span class='text_inner'>\n            <div class=\"hover_feature_holder_title\">\n                <div class=\"hover_feature_holder_title_inner\">\n                    \n                        \n    <h5 itemprop=\"name\" class=\"portfolio_title entry_title\"><a itemprop=\"url\" href=\"https:\/\/www.acexas.com\/en\/obras\/restaurant-pena-mea-as-espana\/\"  target=\"_self\"> Restaurant Pe\u00f1a Mea (AS) &#8211; Espa\u00f1a<\/a><\/h5>\n\n\n                        \n                            <span class=\"project_category\"  >\n    MPS1A    <\/span>\n\n                                    <\/div>\n            <\/div>\n\n            \n        <\/span>\n    <\/span>\n<\/span>\n\n    <\/article><article class='portfolio_masonry_item portfolio_category_35 default'>\n    \n    \n    \n    <div class='image_holder'>\n        <a itemprop='url' class='portfolio_link_for_touch' href='https:\/\/www.acexas.com\/en\/obras\/school-santo-angel-as-spain\/' target='_self'>\n            \n<span class='image'><img decoding=\"async\" width=\"500\" height=\"500\" src=\"https:\/\/www.acexas.com\/wp-content\/uploads\/2022\/12\/1662976073492-500x500.jpg\" class=\"attachment-portfolio_masonry_regular size-portfolio_masonry_regular wp-post-image\" alt=\"\" srcset=\"https:\/\/www.acexas.com\/wp-content\/uploads\/2022\/12\/1662976073492-500x500.jpg 500w, https:\/\/www.acexas.com\/wp-content\/uploads\/2022\/12\/1662976073492-150x150.jpg 150w, https:\/\/www.acexas.com\/wp-content\/uploads\/2022\/12\/1662976073492-570x570.jpg 570w, https:\/\/www.acexas.com\/wp-content\/uploads\/2022\/12\/1662976073492-1000x1000.jpg 1000w, https:\/\/www.acexas.com\/wp-content\/uploads\/2022\/12\/1662976073492-650x650.jpg 650w\" sizes=\"(max-width: 500px) 100vw, 500px\" \/><\/span>        <\/a>\n\n        <span class='text_holder'>\n    <span class='text_outer'>\n        <span class='text_inner'>\n            <div class=\"hover_feature_holder_title\">\n                <div class=\"hover_feature_holder_title_inner\">\n                    \n                        \n    <h5 itemprop=\"name\" class=\"portfolio_title entry_title\"><a itemprop=\"url\" href=\"https:\/\/www.acexas.com\/en\/obras\/school-santo-angel-as-spain\/\"  target=\"_self\"> School Santo \u00c1ngel (AS) &#8211; Spain<\/a><\/h5>\n\n\n                        \n                            <span class=\"project_category\"  >\n    MPS1A    <\/span>\n\n                                    <\/div>\n            <\/div>\n\n            \n        <\/span>\n    <\/span>\n<\/span>\n\n    <\/article>\n    <\/div>\n<\/div>\t\t\t\t<\/div>\n\t\t\t\t<\/div>\n\t\t\t\t\t<\/div>\n\t\t<\/div>\n\t\t\t\t\t<\/div>\n\t\t<\/section>\n\t\t\t\t<\/div>\n\t\t","protected":false},"excerpt":{"rendered":"<p>Restaurante Pe\u00f1a Mea (AS) &#8211; Espa\u00f1a Colegio Santo \u00c1ngel (AS) &#8211; Espa\u00f1a<\/p>\n","protected":false},"author":1,"featured_media":1650,"parent":0,"menu_order":0,"comment_status":"closed","ping_status":"closed","template":"full_width.php","meta":{"footnotes":""},"class_list":["post-1738","page","type-page","status-publish","has-post-thumbnail","hentry"],"_links":{"self":[{"href":"https:\/\/www.acexas.com\/en\/wp-json\/wp\/v2\/pages\/1738","targetHints":{"allow":["GET"]}}],"collection":[{"href":"https:\/\/www.acexas.com\/en\/wp-json\/wp\/v2\/pages"}],"about":[{"href":"https:\/\/www.acexas.com\/en\/wp-json\/wp\/v2\/types\/page"}],"author":[{"embeddable":true,"href":"https:\/\/www.acexas.com\/en\/wp-json\/wp\/v2\/users\/1"}],"replies":[{"embeddable":true,"href":"https:\/\/www.acexas.com\/en\/wp-json\/wp\/v2\/comments?post=1738"}],"version-history":[{"count":0,"href":"https:\/\/www.acexas.com\/en\/wp-json\/wp\/v2\/pages\/1738\/revisions"}],"wp:featuredmedia":[{"embeddable":true,"href":"https:\/\/www.acexas.com\/en\/wp-json\/wp\/v2\/media\/1650"}],"wp:attachment":[{"href":"https:\/\/www.acexas.com\/en\/wp-json\/wp\/v2\/media?parent=1738"}],"curies":[{"name":"wp","href":"https:\/\/api.w.org\/{rel}","templated":true}]}}